{"id":1259,"date":"2024-09-23T18:20:49","date_gmt":"2024-09-23T18:20:49","guid":{"rendered":"https:\/\/magnetic-creations.com\/?page_id=1259"},"modified":"2025-02-16T16:10:58","modified_gmt":"2025-02-16T16:10:58","slug":"pagina-termos-de-uso","status":"publish","type":"page","link":"https:\/\/magnetic-creations.com\/en\/pagina-termos-de-uso\/","title":{"rendered":"Pagina Termos de Uso"},"content":{"rendered":"<div data-elementor-type=\"wp-page\" data-elementor-id=\"1259\" class=\"elementor elementor-1259\" data-elementor-post-type=\"page\">\n\t\t\t\t<div class=\"elementor-element elementor-element-15ccd0fc e-flex e-con-boxed e-con e-parent\" data-id=\"15ccd0fc\" data-element_type=\"container\" data-e-type=\"container\" data-settings=\"{&quot;background_background&quot;:&quot;classic&quot;}\">\n\t\t\t\t\t<div class=\"e-con-inner\">\n\t\t\t\t<div class=\"elementor-element elementor-element-180c1a77 elementor-widget elementor-widget-text-editor\" data-id=\"180c1a77\" data-element_type=\"widget\" data-e-type=\"widget\" data-widget_type=\"text-editor.default\">\n\t\t\t\t<div class=\"elementor-widget-container\">\n\t\t\t\t\t\t\t\t\t\n<pre class=\"wp-block-preformatted\">TERMOS DE USO<br><br><br>Estes termos de servi\u00e7o regulam o uso deste site. Ao acess\u00e1-lo voc\u00ea concorda com estes termos. Por favor, consulte regularmente os nossos termos de servi\u00e7o.<br><br>Acesso ao site<br><br>Para acessar o conte\u00fado deste site poder ser solicitado ao usu\u00e1rio algumas informa\u00e7\u00f5es pessoais como nome, e-mail e outros. Se acharmos que as informa\u00e7\u00f5es n\u00e3o s\u00e3o corretas ou verdadeiras, temos o direito de recusar e\/ou cancelar o acesso a qualquer tempo, sem notifica\u00e7\u00e3o pr\u00e9via.<br><br>Restri\u00e7\u00f5es ao uso<br><br> Voc\u00ea s\u00f3 poder\u00e1 usar este site para prop\u00f3sitos permitidos por n\u00f3s. <br>Voc\u00ea n\u00e3o poder\u00e1 us\u00e1-lo em qualquer outro objetivo, especialmente comercial, sem o nosso consentimento pr\u00e9vio. N\u00e3o associe nossas marcas a nenhuma outra. N\u00e3o exponha nosso nome, logotipo, logomarca entre outros, indevidamente e de forma a causar confus\u00e3o.<br>Propriedade da informa\u00e7\u00e3o<br> <br>O conte\u00fado do site n\u00e3o pode ser copiado, distribu\u00eddo, publicado, carregado, postado ou transmitido por qualquer outro meio sem o nosso consentimento pr\u00e9vio, a n\u00e3o ser que a finalidade seja apenas a divulga\u00e7\u00e3o.<br><br>Hyperlinks<br>Este site pode conter links para outros websites que n\u00e3o s\u00e3o mantidos ou relacionados \u00e0 nossa empresa. N\u00e3o somos respons\u00e1veis pelo conte\u00fado destes links. O usu\u00e1rio assume completamente o risco ao acessar estes hyperlinks.<br>Coment\u00e1rios<br> <br>Ao postar algum coment\u00e1rio ou depoimento em nosso site voc\u00ea autoriza a publica\u00e7\u00e3o do mesmo em qualquer lugar que desejarmos, a fim de cooperar com a divulga\u00e7\u00e3o de nossos produtos.<br><br>Aviso legal<br><br>A informa\u00e7\u00e3o obtida ao usar este site n\u00e3o \u00e9 completa e n\u00e3o cobre todas as quest\u00f5es, t\u00f3picos ou fatos que possam ser relevantes para seus objetivos. O uso deste site \u00e9 de sua total responsabilidade.<br><br>O conte\u00fado \u00e9 oferecido como est\u00e1 e sem garantias de qualquer tipo, expressas ou impl\u00edcitas. O conte\u00fado deste site n\u00e3o \u00e9 palavra final sobre qualquer assunto, e podemos fazer melhorias a qualquer momento.<br><br>Voc\u00ea, e n\u00e3o a nossa empresa, assume o custo de qualquer servi\u00e7o, reparo ou corre\u00e7\u00e3o necess\u00e1rios no caso de qualquer perda ou dano consequente do uso deste site ou seu conte\u00fado.<br><br>Voc\u00ea entende que nossa empresa n\u00e3o pode e n\u00e3o garante que arquivos dispon\u00edveis para download da Internet estejam livres de v\u00edrus, worms, cavalos de Tr\u00f3ia ou outro c\u00f3digo que possa manifestar propriedades contaminadoras ou destrutivas.<br><br>Limita\u00e7\u00e3o de responsabilidade<br><br>A EMPRESA, SUAS FILIAIS, AFILIADOS, LICENCIANTES, PROVEDORES DE SERVI\u00c7O, PROVEDORES DE CONTE\u00daDO, EMPREGADOS, AGENTES, ADMINISTRADORES E DIRETORES N\u00c3O SER\u00c3O RESPONS\u00c1VEIS POR QUALQUER DANO EVENTUAL, DIRETO, INDIRETO, PUNITIVO, REAL, CONSEQUENTE, ESPECIAL, EXEMPLAR OU DE QUALQUER OUTRO TIPO, INCLUINDO PERDA DE RECEITA OU RENDA, DOR E SOFRIMENTO, ESTRESSE EMOCIONAL OU SIMILARES MESMO QUE A EMPRESA TENHA ACONSELHADO SOBRE A POSSIBILIDADE DE TAIS DANOS.  DE NENHUMA FORMA A RESPONSABILIDADE COLETIVA DA EMPRESA E SUAS FILIAIS, AFILIADOS, LICENCIANTES, PROVEDORES DE SERVI\u00c7O, PROVEDORES DE CONTE\u00daDO, EMPREGADOS, AGENTES, ADMINISTRADORES E DIRETORES EM RELA\u00c7\u00c3O A TERCEIROS (INDEPENDENTE DO TIPO DE A\u00c7\u00c3O, SEJA POR CONTRATO OU QUALQUER OUTRO) EXCEDER\u00c1 A QUANTIA DE R$100 OU O VALOR PAGO \u00c0 EMPRESA POR TAL CONTE\u00daDO, PRODUTO OU SERVI\u00c7O DO QUAL A QUEST\u00c3O TENHA SIDO LEVANTADA.<br>Indeniza\u00e7\u00e3o<br><br>Voc\u00ea vai indenizar e isentar a Empresa, suas filiais, afiliados, licenciantes, provedores de servi\u00e7o, provedores de conte\u00fado, empregados, agentes, administradores e diretores (referidas agora como Partes Isentas) de qualquer viola\u00e7\u00e3o desse Termo de Uso por voc\u00ea, incluindo o uso do Conte\u00fado diferente do expresso aqui. Voc\u00ea concorda que as Partes Isentas n\u00e3o t\u00eam responsabilidade ou conex\u00e3o com qualquer viola\u00e7\u00e3o ou uso n\u00e3o autorizado e voc\u00ea concorda em remediar toda e qualquer perda, dano, julgamento, pr\u00eamios, custo, despesas e honor\u00e1rios advogat\u00edcios das Partes Isentas ligadas a viola\u00e7\u00e3o. Voc\u00ea tamb\u00e9m indenizar\u00e1 e isentar\u00e1 as Partes Isentas de qualquer reivindica\u00e7\u00e3o de terceiros resultante do uso da informa\u00e7\u00e3o contida neste site.<br>Marcas registradas<br> <br>Marcas e logos presentes neste site s\u00e3o propriedade da empresa ou da parte que as disponibilizaram para a empresa. A empresa e as partes que disponibilizaram marca e logo det\u00e9m todos os direitos sobre as mesmas.<br>Informa\u00e7\u00e3o provida pelo usu\u00e1rio<br> <br>Voc\u00ea n\u00e3o pode publicar enviar, apresentar ou fazer conex\u00e3o a esse site qualquer material que:<br>voc\u00ea n\u00e3o tenha o direito de postar, incluindo material de propriedade de terceiros defenda atividade ilegal ou discutir a inten\u00e7\u00e3o de fazer algo ilegal; seja vulgar, obsceno, pornogr\u00e1fico ou indecente n\u00e3o diga respeito diretamente a este site; possa amea\u00e7ar ou insultar outros, difamar, caluniar, invadir privacidade, perseguir, ser obsceno, pornogr\u00e1fico, racista, assediar ou ofender; busca explorar ou prejudicar crian\u00e7as expondo-as a conte\u00fado inapropriado, perguntar sobre informa\u00e7\u00f5es pessoais ou qualquer outro do tipo; infrinja qualquer propriedade intelectual ou outro direito de pessoa ou entidade, incluindo viola\u00e7\u00f5es de direitos autorais,marca registrada ou direitos de publicidade; violam qualquer lei ou podem ser considerados para violar a lei; personifique ou deturpar sua conex\u00e3o com qualquer entidade ou pessoa; ou ainda manipula t\u00edtulos ou identificadores para encobrir a origem do conte\u00fado promova qualquer empreendimento comercial (ex: oferecer produtos ou servi\u00e7os em promo\u00e7\u00e3o) ou que engaje de qualquer forma em uma atividade comercial (ex: realizar sorteios ou concursos, expor banners patrocinadores e\/ou solicitar bens e servi\u00e7os) exceto que especificamente autorizado neste site; solicitar fundos, divulga\u00e7\u00f5es ou patrocinadores; inclua programas com v\u00edrus, worms e\/ou Cavalos de Tr\u00f3ia ou qualquer outro c\u00f3digo, arquivo ou programa de computador destinado a interromper, destruir ou limitar a funcionalidade de qualquer software ou hardware de computador ou telecomunica\u00e7\u00f5es; interrompa o fluxo normal da conversa, fa\u00e7a com que a tela \u201crole\u201d mais r\u00e1pido que os os outros usu\u00e1rios conseguem acompanhar ou mesmo agir de modo a afetar a habilidade de outras pessoas de se engajar em atividades em tempo real neste site; inclua arquivos em formato MP3 desobede\u00e7a qualquer pol\u00edtica ou regra estabelecida de tempos em tempos para o uso desse site ou qualquer rede conectada a ele; ou contenha hiperlinks para sites que contenham conte\u00fado que se enquadrem nas descri\u00e7\u00f5es acima.<br><br>Mesmo sem a obriga\u00e7\u00e3o de faze-lo, nossa Empresa reserva o direito de monitorar o uso deste site para determinar o cumprimento desse Termo de Uso assim como o de remover ou vetar qualquer informa\u00e7\u00e3o por qualquer raz\u00e3o. De qualquer forma voc\u00ea \u00e9 completamente respons\u00e1vel pelo conte\u00fado de seus envios. Voc\u00ea sabe e concorda que nem a Empresa ou qualquer terceiro provendo conte\u00fado para a Empresa assumir\u00e1 qualquer responsabilidade por nenhuma a\u00e7\u00e3o ou ina\u00e7\u00e3o da Empresa ou referido terceiro a respeito de qualquer envio.<br><br>Seguran\u00e7a<br> <br>Toda senha usada para este site \u00e9 somente para uso individual. Voc\u00ea \u00e9 respons\u00e1vel pela seguran\u00e7a de sua senha (se for o caso). A Empresa tem o direito de monitorar a seguran\u00e7a de sua senha e ao seu crit\u00e9rio pode pedir que voc\u00ea a mude. Se voc\u00ea usar qualquer senha que a Empresa considere insegura, a Empresa tem o direito de requisitar que a senha seja modificada e\/ou cancelar a sua conta.<br>\u00c9 proibido usar qualquer servi\u00e7o ou ferramenta conectada a este site para comprometer a seguran\u00e7a ou mexer com os recursos do sistema e\/ou contas. O uso ou distribui\u00e7\u00e3o de ferramentas destinadas para comprometer a seguran\u00e7a (ex: programas para descobrir senha, ferramentas de crack ou de sondagem da rede) s\u00e3o estritamente proibidos. Se voc\u00ea estiver envolvido em qualquer viola\u00e7\u00e3o da seguran\u00e7a do sistema, a Empresa se reserva o direito de fornecer suas informa\u00e7\u00f5es para os administradores de sistema de outros sites para ajud\u00e1-los a resolver incidentes de seguran\u00e7a. <br><br>A Empresa se reserva o direito de investigar potenciais viola\u00e7\u00f5es a esse Termo de Uso.<br><br>A Empresa se reserva o direito de cooperar totalmente com as autoridades competentes ou pedidos da justi\u00e7a para que a Empresa revele a identidade de qualquer pessoa que publique e-mail, mensagem ou disponibilize qualquer material que possa violar esse Termo de Uso.<br><br>AO ACEITAR ESSE ACORDO VOC\u00ca ISENTA A EMPRESA DE QUALQUER CONSEQU\u00caNCIA RESULTANTE DE QUALQUER A\u00c7\u00c3O DA EMPRESA DURANTE OU COMO RESULTADO DE SUAS INVESTIGA\u00c7\u00d5ES E\/OU DE A\u00c7\u00d5ES TOMADAS RESULTANTES DE INVESTIGA\u00c7\u00d5ES TANTO DA EMPRESA QUANTO DAS AUTORIDADES DE JUSTI\u00c7A COMPETENTES<br><br><\/pre>\n\n\n\n<p><\/p>\n\t\t\t\t\t\t\t\t<\/div>\n\t\t\t\t<\/div>\n\t\t\t\t\t<\/div>\n\t\t\t\t<\/div>\n\t\t\t\t<\/div>","protected":false},"excerpt":{"rendered":"<p>TERMOS DE USOEstes termos de servi\u00e7o regulam o uso deste site. Ao acess\u00e1-lo voc\u00ea concorda com estes termos. Por favor, consulte regularmente os nossos termos de servi\u00e7o.Acesso ao sitePara acessar o conte\u00fado deste site poder ser solicitado ao usu\u00e1rio algumas informa\u00e7\u00f5es pessoais como nome, e-mail e outros. Se acharmos que as informa\u00e7\u00f5es n\u00e3o s\u00e3o corretas&hellip; <a class=\"more-link\" href=\"https:\/\/magnetic-creations.com\/en\/pagina-termos-de-uso\/\">Continue reading <span class=\"screen-reader-text\">Pagina Termos de Uso<\/span><\/a><\/p>","protected":false},"author":2,"featured_media":0,"parent":0,"menu_order":0,"comment_status":"closed","ping_status":"closed","template":"elementor_canvas","meta":{"footnotes":""},"class_list":["post-1259","page","type-page","status-publish","hentry","entry"],"_links":{"self":[{"href":"https:\/\/magnetic-creations.com\/en\/wp-json\/wp\/v2\/pages\/1259","targetHints":{"allow":["GET"]}}],"collection":[{"href":"https:\/\/magnetic-creations.com\/en\/wp-json\/wp\/v2\/pages"}],"about":[{"href":"https:\/\/magnetic-creations.com\/en\/wp-json\/wp\/v2\/types\/page"}],"author":[{"embeddable":true,"href":"https:\/\/magnetic-creations.com\/en\/wp-json\/wp\/v2\/users\/2"}],"replies":[{"embeddable":true,"href":"https:\/\/magnetic-creations.com\/en\/wp-json\/wp\/v2\/comments?post=1259"}],"version-history":[{"count":5,"href":"https:\/\/magnetic-creations.com\/en\/wp-json\/wp\/v2\/pages\/1259\/revisions"}],"predecessor-version":[{"id":3622,"href":"https:\/\/magnetic-creations.com\/en\/wp-json\/wp\/v2\/pages\/1259\/revisions\/3622"}],"wp:attachment":[{"href":"https:\/\/magnetic-creations.com\/en\/wp-json\/wp\/v2\/media?parent=1259"}],"curies":[{"name":"wp","href":"https:\/\/api.w.org\/{rel}","templated":true}]}}